{"id":24,"date":"2018-07-16T23:07:46","date_gmt":"2018-07-16T21:07:46","guid":{"rendered":"https:\/\/laguinguette.ch\/2018\/?page_id=24"},"modified":"2022-10-05T22:00:40","modified_gmt":"2022-10-05T20:00:40","slug":"accueil","status":"publish","type":"page","link":"https:\/\/laguinguette.ch\/2022\/","title":{"rendered":"Accueil"},"content":{"rendered":"<!--themify_builder_content-->\n<div id=\"themify_builder_content-24\" data-postid=\"24\" class=\"themify_builder_content themify_builder_content-24 themify_builder tf_clear\">\n    \t<!-- module_row -->\n\t<div  data-lazy=\"1\" class=\"module_row themify_builder_row tb_kc6f5 tb_first tf_clearfix\" >\n\t    \t\t<div class=\"row_inner col_align_top col-count-1 tf_box tf_w tf_rel\">\n\t\t\t<div  data-lazy=\"1\" class=\"module_column tb-column col-full first tb_q4vp5 tf_box\">\n\t\t\t    \t        <div class=\"tb-column-inner tf_box tf_w\">\n\t\t    <!-- module text -->\n<div  class=\"module module-text tb_rv49478  repeat \" data-lazy=\"1\">\n        <div  class=\"tb_text_wrap\">\n    <h3><span style=\"color: #ffffff;\">A l&rsquo;ann\u00e9e prochaine!<\/span><\/h3>\n<p><span style=\"color: #ffffff;\"><br>\nChers-\u00e8res amis-es de la Guinguette,<\/span><\/p>\n<p><span style=\"color: #ffffff;\">Cette ann\u00e9e encore la f\u00eate a \u00e9t\u00e9 belle! Les artistes et les parrilleros nous ont r\u00e9gal\u00e9s. Nous remercions tous les courageux d&rsquo;avoir brav\u00e9 les \u00e9l\u00e9ments pour d\u00e9couvrir la magnifique grange de Veytay. Nous nous r\u00e9jouissons de vous retrouver l&rsquo;ann\u00e9e prochaine pour une nouvelle \u00e9dition de la Guinguette!<\/span><\/p>\n<p><span style=\"color: #ffffff;\">Le comit\u00e9 de la Guinguette<\/span><\/p>\n    <\/div>\n<\/div>\n<!-- \/module text --><!-- module buttons -->\n<div  class=\"module module-buttons tb_ees057 buttons-horizontal solid \" data-lazy=\"1\">\n    \t<div class=\"module-buttons-item tf_inline_b\">\n\t\t\t\t\t\t\t<a href=\"https:\/\/laguinguette.ch\/2022\/galerie\/photos-2022\/\" class=\"ui builder_button red\" >\n\t\t\t\t\t\t\t\t\t\t\t<span class=\"tf_inline_b tf_vmiddle\">D\u00e9couvrir les photos de l'\u00e9dition 2022<\/span>\n\t\t\t\t\t\t\t\t\t\t\t<\/a>\n\t\t\t    \t<\/div>\n\t<\/div>\n<!-- \/module buttons -->\n\t        <\/div>\n\t    \t<\/div>\n\t\t    <\/div>\n\t    <!-- \/row_inner -->\n\t<\/div>\n\t<!-- \/module_row -->\n\t\t<!-- module_row -->\n\t<div  data-anchor=\"programme\" data-lazy=\"1\" class=\"module_row themify_builder_row repeat tb_has_section tb_section-programme tb_1f4efec tf_clearfix\" >\n\t    \t\t<div class=\"row_inner col_align_top col-count-1 tf_box tf_w tf_rel\">\n\t\t\t<div  data-lazy=\"1\" class=\"module_column tb-column col-full first tb_f271907 tf_box\">\n\t\t\t    \t        <div class=\"tb-column-inner tf_box tf_w\">\n\t\t    <!-- module fancy heading -->\n<div  class=\"module module-fancy-heading tb_692de0b \" data-lazy=\"1\">\n        <h1 class=\"fancy-heading tf_textc\">\n    <span class=\"main-head tf_block\">\n\t\t\t\t\tProgramme 2022\t\t    <\/span>\n\n\t\n    <span class=\"sub-head tf_block tf_rel\">\n\t\t\t\t\t\t\t    <\/span>\n    <\/h1>\n<\/div>\n<!-- \/module fancy heading -->\n\t        <\/div>\n\t    \t<\/div>\n\t\t    <\/div>\n\t    <!-- \/row_inner -->\n\t<\/div>\n\t<!-- \/module_row -->\n\t\t<!-- module_row -->\n\t<div  data-lazy=\"1\" class=\"module_row themify_builder_row tb_3rer40 tf_clearfix\">\n\t    \t\t<div class=\"row_inner col_align_top col-count-1 tf_box tf_w tf_rel\">\n\t\t\t<div  data-lazy=\"1\" class=\"module_column tb-column col-full first tb_srnt40 tf_box\">\n\t\t\t    \t        <div class=\"tb-column-inner tf_box tf_w\">\n\t\t    <!-- module fancy heading -->\n<div  class=\"module module-fancy-heading tb_c9e5493  tb_hide_divider\" data-lazy=\"1\">\n        <h1 class=\"fancy-heading tf_textl\">\n    <span class=\"main-head tf_block\">\n\t\t\t\t\tSamedi 1er octobre\t\t    <\/span>\n\n\t\n    <span class=\"sub-head tf_block tf_rel\">\n\t\t\t\t\t\t\t    <\/span>\n    <\/h1>\n<\/div>\n<!-- \/module fancy heading -->\n<!-- module text -->\n<div  class=\"module module-text tb_d9p6846   \" data-lazy=\"1\">\n        <div  class=\"tb_text_wrap\">\n    <h2>18H30 \u2013 Ouverture des portes et du bar<br><\/h2>    <\/div>\n<\/div>\n<!-- \/module text --><!-- module text -->\n<div  class=\"module module-text tb_udo8565   \" data-lazy=\"1\">\n        <div  class=\"tb_text_wrap\">\n    <h2 class=\"fancy-heading tf_textl\"><span class=\"sub-head tf_block tf_rel\" contenteditable=\"true\" data-name=\"sub_heading\">20H00 \u2013 Thomas Wiesel et le Jokers Comedy Club<\/span><\/h2>    <\/div>\n<\/div>\n<!-- \/module text --><!-- module text -->\n<div  class=\"module module-text tb_nnzr858   \" data-lazy=\"1\">\n        <div  class=\"tb_text_wrap\">\n    <p>Thomas Wiesel a 32 ans, et \u00e7a lui fait bizarre. Il est humoriste depuis 2011. Et \u00e7a aussi, \u00e7a lui fait bizarre.<br>Il a r\u00e9ussi \u00e0 se faire une place sur la sc\u00e8ne suisse romande, sur les planches, les ondes de la radio, de la t\u00e9l\u00e9vision et du web, ou dans les conf\u00e9rences \u00e9conomiques et repas de soutien.<br>Avec son jeu minimaliste et son \u00e9criture cisel\u00e9e, Thomas aborde tous les sujets et n\u2019\u00e9pargne personne.<br><\/p>    <\/div>\n<\/div>\n<!-- \/module text --><!-- module image -->\n<div  class=\"module module-image tb_jumo824   image-top tf_mw\" data-lazy=\"1\">\n        <div class=\"image-wrap tf_rel tf_mw\">\n\t\t    <img loading=\"lazy\" decoding=\"async\" width=\"2560\" height=\"1707\" src=\"https:\/\/laguinguette.ch\/2022\/wp-content\/uploads\/2022\/07\/Thomas-Wiesel-c-Laura-Gilli-2019-3-scaled.jpg\" class=\"wp-post-image wp-image-1081\" title=\"Thomas-Wiesel-c-Laura-Gilli-2019-3\" alt=\"Thomas Wiesel\" srcset=\"https:\/\/laguinguette.ch\/2022\/wp-content\/uploads\/2022\/07\/Thomas-Wiesel-c-Laura-Gilli-2019-3-scaled.jpg 2560w, https:\/\/laguinguette.ch\/2022\/wp-content\/uploads\/2022\/07\/Thomas-Wiesel-c-Laura-Gilli-2019-3-300x200.jpg 300w, https:\/\/laguinguette.ch\/2022\/wp-content\/uploads\/2022\/07\/Thomas-Wiesel-c-Laura-Gilli-2019-3-1024x683.jpg 1024w, https:\/\/laguinguette.ch\/2022\/wp-content\/uploads\/2022\/07\/Thomas-Wiesel-c-Laura-Gilli-2019-3-768x512.jpg 768w, https:\/\/laguinguette.ch\/2022\/wp-content\/uploads\/2022\/07\/Thomas-Wiesel-c-Laura-Gilli-2019-3-1536x1024.jpg 1536w, https:\/\/laguinguette.ch\/2022\/wp-content\/uploads\/2022\/07\/Thomas-Wiesel-c-Laura-Gilli-2019-3-2048x1365.jpg 2048w, https:\/\/laguinguette.ch\/2022\/wp-content\/uploads\/2022\/07\/Thomas-Wiesel-c-Laura-Gilli-2019-3-1024x683-978x652.jpg 978w\" sizes=\"(max-width: 2560px) 100vw, 2560px\" \/>\t\n\t\t<\/div>\n\t<!-- \/image-wrap -->\n    \n    \t<\/div>\n<!-- \/module image -->\t<div  data-lazy=\"1\" class=\"module_subrow themify_builder_sub_row tb_xnuc650 tf_w tf_clearfix\">\n\t    \t\t<div class=\"subrow_inner col_align_top col-count-3 tf_box tf_w\">\n\t\t\t<div  data-lazy=\"1\" class=\"sub_column module_column tf_box col3-1 first tb_ojs3651\"> \n\t    \t    \t        <div class=\"tb-column-inner tf_box tf_w\">\n\t\t    <!-- module image -->\n<div  class=\"module module-image tb_40sn336   image-top tf_mw\" data-lazy=\"1\">\n        <div class=\"image-wrap tf_rel tf_mw\">\n\t\t    <img loading=\"lazy\" decoding=\"async\" width=\"996\" height=\"996\" src=\"https:\/\/laguinguette.ch\/2022\/wp-content\/uploads\/2022\/09\/Charles_Nouveau.jpg\" class=\"wp-post-image wp-image-1128\" title=\"Charles_Nouveau\" alt=\"Charles Nouveau\" srcset=\"https:\/\/laguinguette.ch\/2022\/wp-content\/uploads\/2022\/09\/Charles_Nouveau.jpg 996w, https:\/\/laguinguette.ch\/2022\/wp-content\/uploads\/2022\/09\/Charles_Nouveau-300x300.jpg 300w, https:\/\/laguinguette.ch\/2022\/wp-content\/uploads\/2022\/09\/Charles_Nouveau-150x150.jpg 150w, https:\/\/laguinguette.ch\/2022\/wp-content\/uploads\/2022\/09\/Charles_Nouveau-768x768.jpg 768w\" sizes=\"(max-width: 996px) 100vw, 996px\" \/>\t\n\t\t<\/div>\n\t<!-- \/image-wrap -->\n    \n    \t<\/div>\n<!-- \/module image --><!-- module fancy heading -->\n<div  class=\"module module-fancy-heading tb_y6rh386 \" data-lazy=\"1\">\n        <h3 class=\"fancy-heading\">\n    <span class=\"main-head tf_block\">\n\t\t\t\t\tCharles Nouveau\t\t    <\/span>\n\n\t\n    <span class=\"sub-head tf_block tf_rel\">\n\t\t\t\t\t\t\t    <\/span>\n    <\/h3>\n<\/div>\n<!-- \/module fancy heading -->\n<!-- module text -->\n<div  class=\"module module-text tb_dm8j736   \" data-lazy=\"1\">\n        <div  class=\"tb_text_wrap\">\n    <div class=\"page\" title=\"Page 1\">\n<div class=\"layoutArea\">\n<div class=\"column\">\n<p>Charles Nouveau se produit re\u0301gulie\u0300rement sur les sce\u0300nes de Suisse et de France. Il pre\u0301sente e\u0301galement des chroniques a\u0300 la radio et a\u0300 la te\u0301le\u0301vision.<br><\/p>\n<\/div>\n<\/div>\n<\/div>    <\/div>\n<\/div>\n<!-- \/module text -->\t        <\/div>\n\t    \t<\/div>\n\t\t<div  data-lazy=\"1\" class=\"sub_column module_column tf_box col3-1 middle tb_abhu651\"> \n\t    \t    \t        <div class=\"tb-column-inner tf_box tf_w\">\n\t\t    <!-- module image -->\n<div  class=\"module module-image tb_8d45117   image-top tf_mw\" data-lazy=\"1\">\n        <div class=\"image-wrap tf_rel tf_mw\">\n\t\t    <img loading=\"lazy\" decoding=\"async\" width=\"996\" height=\"996\" src=\"https:\/\/laguinguette.ch\/2022\/wp-content\/uploads\/2022\/09\/Yoann-Provenzano.jpg\" class=\"wp-post-image wp-image-1127\" title=\"Yoann-Provenzano\" alt=\"Yoann Provenzano\" srcset=\"https:\/\/laguinguette.ch\/2022\/wp-content\/uploads\/2022\/09\/Yoann-Provenzano.jpg 996w, https:\/\/laguinguette.ch\/2022\/wp-content\/uploads\/2022\/09\/Yoann-Provenzano-300x300.jpg 300w, https:\/\/laguinguette.ch\/2022\/wp-content\/uploads\/2022\/09\/Yoann-Provenzano-150x150.jpg 150w, https:\/\/laguinguette.ch\/2022\/wp-content\/uploads\/2022\/09\/Yoann-Provenzano-768x768.jpg 768w\" sizes=\"(max-width: 996px) 100vw, 996px\" \/>\t\n\t\t<\/div>\n\t<!-- \/image-wrap -->\n    \n    \t<\/div>\n<!-- \/module image --><!-- module fancy heading -->\n<div  class=\"module module-fancy-heading tb_qs0x353 \" data-lazy=\"1\">\n        <h3 class=\"fancy-heading\">\n    <span class=\"main-head tf_block\">\n\t\t\t\t\tYoann Provenzano\t\t    <\/span>\n\n\t\n    <span class=\"sub-head tf_block tf_rel\">\n\t\t\t\t\t\t\t    <\/span>\n    <\/h3>\n<\/div>\n<!-- \/module fancy heading -->\n<!-- module text -->\n<div  class=\"module module-text tb_oi3q52   \" data-lazy=\"1\">\n        <div  class=\"tb_text_wrap\">\n    <div class=\"page\" title=\"Page 1\">\n<div class=\"layoutArea\">\n<div class=\"column\">\n<p>Yoann Provenzano s\u2019est d\u2019abord fait connai\u0302tre a\u0300 travers les vide\u0301os de\u0301cale\u0301es qu\u2019il poste re\u0301gulie\u0300rement sur la toile. Avec la cre\u0301ation de son premier spectacle, l\u2019artiste aux tonnes d\u2019abonne\u0301s rejoint le panel des humoristes suisses et se consacre depuis 2016 a\u0300 temps plein a\u0300 ce nouveau me\u0301tier. En paralle\u0300le, il pre\u0301sente e\u0301galement des chroniques a\u0300 la radio et a\u0300 la te\u0301le\u0301vision.<\/p>\n<\/div>\n<\/div>\n<\/div>    <\/div>\n<\/div>\n<!-- \/module text -->\t        <\/div>\n\t    \t<\/div>\n\t\t<div  data-lazy=\"1\" class=\"sub_column module_column tf_box col3-1 last tb_spmv651\"> \n\t    \t    \t        <div class=\"tb-column-inner tf_box tf_w\">\n\t\t    <!-- module image -->\n<div  class=\"module module-image tb_jcqp314   image-top tf_mw\" data-lazy=\"1\">\n        <div class=\"image-wrap tf_rel tf_mw\">\n\t\t    <img loading=\"lazy\" decoding=\"async\" width=\"996\" height=\"996\" src=\"https:\/\/laguinguette.ch\/2022\/wp-content\/uploads\/2022\/09\/Pierric-Tenthorey.jpg\" class=\"wp-post-image wp-image-1126\" title=\"Pierric-Tenthorey\" alt=\"Pierric Tenthorey\" srcset=\"https:\/\/laguinguette.ch\/2022\/wp-content\/uploads\/2022\/09\/Pierric-Tenthorey.jpg 996w, https:\/\/laguinguette.ch\/2022\/wp-content\/uploads\/2022\/09\/Pierric-Tenthorey-300x300.jpg 300w, https:\/\/laguinguette.ch\/2022\/wp-content\/uploads\/2022\/09\/Pierric-Tenthorey-150x150.jpg 150w, https:\/\/laguinguette.ch\/2022\/wp-content\/uploads\/2022\/09\/Pierric-Tenthorey-768x768.jpg 768w\" sizes=\"(max-width: 996px) 100vw, 996px\" \/>\t\n\t\t<\/div>\n\t<!-- \/image-wrap -->\n    \n    \t<\/div>\n<!-- \/module image --><!-- module fancy heading -->\n<div  class=\"module module-fancy-heading tb_lky2340 \" data-lazy=\"1\">\n        <h3 class=\"fancy-heading\">\n    <span class=\"main-head tf_block\">\n\t\t\t\t\tPierric Tenthorey\t\t    <\/span>\n\n\t\n    <span class=\"sub-head tf_block tf_rel\">\n\t\t\t\t\t\t\t    <\/span>\n    <\/h3>\n<\/div>\n<!-- \/module fancy heading -->\n<!-- module text -->\n<div  class=\"module module-text tb_nyyn234   \" data-lazy=\"1\">\n        <div  class=\"tb_text_wrap\">\n    <div class=\"page\" title=\"Page 1\">\n<div class=\"layoutArea\">\n<div class=\"column\">\n<p>Pierric Tenthorey aime toucher a\u0300 tous les genres, passant du the\u0301a\u0302tre contemporain aux grands classiques en passant par le stand-up ou les spectacles autour de la musique classique. Son activite\u0301 de magicien l\u2019ame\u0300ne a\u0300 se produire en tant qu\u2019artiste ou confe\u0301rencier dans le monde entier ainsi qu\u2019a\u0300 la te\u0301le\u0301vision et a\u0300 la radio.<\/p>\n<\/div>\n<\/div>\n<\/div>    <\/div>\n<\/div>\n<!-- \/module text -->\t        <\/div>\n\t    \t<\/div>\n\t\t    <\/div>\n\t<\/div><!-- \/themify_builder_sub_row -->\n\t<!-- module text -->\n<div  class=\"module module-text tb_pkp6417   \" data-lazy=\"1\">\n        <div  class=\"tb_text_wrap\">\n    <h2>21h30 \u2013 Asado<\/h2>    <\/div>\n<\/div>\n<!-- \/module text --><!-- module text -->\n<div  class=\"module module-text tb_ea81e57  repeat \" data-lazy=\"1\">\n        <div  class=\"tb_text_wrap\">\n    <h2 style=\"text-align: left;\">22h45&nbsp;\u2013 DJ<\/h2>    <\/div>\n<\/div>\n<!-- \/module text -->\t        <\/div>\n\t    \t<\/div>\n\t\t    <\/div>\n\t    <!-- \/row_inner -->\n\t<\/div>\n\t<!-- \/module_row -->\n\t<\/div>\n<!--\/themify_builder_content-->","protected":false},"excerpt":{"rendered":"<p>A l&rsquo;ann\u00e9e prochaine! Chers-\u00e8res amis-es de la Guinguette, Cette ann\u00e9e encore la f\u00eate a \u00e9t\u00e9 belle! Les artistes et les parrilleros nous ont r\u00e9gal\u00e9s. Nous remercions tous les courageux d&rsquo;avoir brav\u00e9 les \u00e9l\u00e9ments pour d\u00e9couvrir la magnifique grange de Veytay. Nous nous r\u00e9jouissons de vous retrouver l&rsquo;ann\u00e9e prochaine pour une nouvelle \u00e9dition de la Guinguette! [&hellip;]<\/p>\n","protected":false},"author":1,"featured_media":0,"parent":0,"menu_order":0,"comment_status":"closed","ping_status":"closed","template":"","meta":{"_monsterinsights_skip_tracking":false,"_monsterinsights_sitenote_active":false,"_monsterinsights_sitenote_note":"","_monsterinsights_sitenote_category":0,"footnotes":""},"_links":{"self":[{"href":"https:\/\/laguinguette.ch\/2022\/wp-json\/wp\/v2\/pages\/24"}],"collection":[{"href":"https:\/\/laguinguette.ch\/2022\/wp-json\/wp\/v2\/pages"}],"about":[{"href":"https:\/\/laguinguette.ch\/2022\/wp-json\/wp\/v2\/types\/page"}],"author":[{"embeddable":true,"href":"https:\/\/laguinguette.ch\/2022\/wp-json\/wp\/v2\/users\/1"}],"replies":[{"embeddable":true,"href":"https:\/\/laguinguette.ch\/2022\/wp-json\/wp\/v2\/comments?post=24"}],"version-history":[{"count":160,"href":"https:\/\/laguinguette.ch\/2022\/wp-json\/wp\/v2\/pages\/24\/revisions"}],"predecessor-version":[{"id":1261,"href":"https:\/\/laguinguette.ch\/2022\/wp-json\/wp\/v2\/pages\/24\/revisions\/1261"}],"wp:attachment":[{"href":"https:\/\/laguinguette.ch\/2022\/wp-json\/wp\/v2\/media?parent=24"}],"curies":[{"name":"wp","href":"https:\/\/api.w.org\/{rel}","templated":true}]}}