{"id":448,"date":"2018-08-24T00:02:38","date_gmt":"2018-08-23T22:02:38","guid":{"rendered":"https:\/\/laguinguette.ch\/2018\/?page_id=448"},"modified":"2022-09-26T23:24:55","modified_gmt":"2022-09-26T21:24:55","slug":"cest-ou","status":"publish","type":"page","link":"https:\/\/laguinguette.ch\/2022\/cest-ou\/","title":{"rendered":"C&rsquo;est o\u00f9?"},"content":{"rendered":"<!--themify_builder_content-->\n<div id=\"themify_builder_content-448\" data-postid=\"448\" class=\"themify_builder_content themify_builder_content-448 themify_builder tf_clear\">\n    \t<!-- module_row -->\n\t<div  data-lazy=\"1\" class=\"module_row themify_builder_row tb_qav4904 tb_first tf_clearfix\">\n\t    \t\t<div class=\"row_inner col_align_top col-count-1 tf_box tf_w tf_rel\">\n\t\t\t<div  data-lazy=\"1\" class=\"module_column tb-column col-full first tb_plft008 tf_box\">\n\t\t\t    \t        <div class=\"tb-column-inner tf_box tf_w\">\n\t\t    <!-- module text -->\n<div  class=\"module module-text tb_k1iu950  repeat \" data-lazy=\"1\">\n        <div  class=\"tb_text_wrap\">\n    <p>La Guinguette aura lieu cette ann\u00e9e dans un endroit in\u00e9dit au Domaine de Veytay \u00e0 Mies.<\/p>\n<p>Adresse: Domaine de Veytay, En Veytay 1295 Mies<\/p>    <\/div>\n<\/div>\n<!-- \/module text -->\t        <\/div>\n\t    \t<\/div>\n\t\t    <\/div>\n\t    <!-- \/row_inner -->\n\t<\/div>\n\t<!-- \/module_row -->\n\t\t<!-- module_row -->\n\t<div  data-lazy=\"1\" class=\"module_row themify_builder_row tb_txnr323 tf_clearfix\">\n\t    \t\t<div class=\"row_inner col_align_top col-count-1 tf_box tf_w tf_rel\">\n\t\t\t<div  data-lazy=\"1\" class=\"module_column tb-column col-full first tb_w5mi324 tf_box\">\n\t\t\t    \t        <div class=\"tb-column-inner tf_box tf_w\">\n\t\t    <!-- module image -->\n<div  class=\"module module-image tb_28hw326   image-top tf_mw\" data-lazy=\"1\">\n        <div class=\"image-wrap tf_rel tf_mw\">\n\t\t    <img loading=\"lazy\" decoding=\"async\" width=\"2480\" height=\"2480\" src=\"https:\/\/laguinguette.ch\/2022\/wp-content\/uploads\/2022\/09\/PlanGuinguette.jpg\" class=\"wp-post-image wp-image-1144\" title=\"PlanGuinguette\" alt=\"PlanGuinguette\" srcset=\"https:\/\/laguinguette.ch\/2022\/wp-content\/uploads\/2022\/09\/PlanGuinguette.jpg 2480w, https:\/\/laguinguette.ch\/2022\/wp-content\/uploads\/2022\/09\/PlanGuinguette-300x300.jpg 300w, https:\/\/laguinguette.ch\/2022\/wp-content\/uploads\/2022\/09\/PlanGuinguette-1024x1024.jpg 1024w, https:\/\/laguinguette.ch\/2022\/wp-content\/uploads\/2022\/09\/PlanGuinguette-150x150.jpg 150w, https:\/\/laguinguette.ch\/2022\/wp-content\/uploads\/2022\/09\/PlanGuinguette-768x768.jpg 768w, https:\/\/laguinguette.ch\/2022\/wp-content\/uploads\/2022\/09\/PlanGuinguette-1536x1536.jpg 1536w, https:\/\/laguinguette.ch\/2022\/wp-content\/uploads\/2022\/09\/PlanGuinguette-2048x2048.jpg 2048w\" sizes=\"(max-width: 2480px) 100vw, 2480px\" \/>\t\n\t\t<\/div>\n\t<!-- \/image-wrap -->\n    \n    \t<\/div>\n<!-- \/module image -->\t        <\/div>\n\t    \t<\/div>\n\t\t    <\/div>\n\t    <!-- \/row_inner -->\n\t<\/div>\n\t<!-- \/module_row -->\n\t<\/div>\n<!--\/themify_builder_content-->","protected":false},"excerpt":{"rendered":"<p>La Guinguette aura lieu cette ann\u00e9e dans un endroit in\u00e9dit au Domaine de Veytay \u00e0 Mies. Adresse: Domaine de Veytay, En Veytay 1295 Mies<\/p>\n","protected":false},"author":1,"featured_media":0,"parent":0,"menu_order":0,"comment_status":"closed","ping_status":"closed","template":"","meta":{"_monsterinsights_skip_tracking":false,"_monsterinsights_sitenote_active":false,"_monsterinsights_sitenote_note":"","_monsterinsights_sitenote_category":0,"footnotes":""},"_links":{"self":[{"href":"https:\/\/laguinguette.ch\/2022\/wp-json\/wp\/v2\/pages\/448"}],"collection":[{"href":"https:\/\/laguinguette.ch\/2022\/wp-json\/wp\/v2\/pages"}],"about":[{"href":"https:\/\/laguinguette.ch\/2022\/wp-json\/wp\/v2\/types\/page"}],"author":[{"embeddable":true,"href":"https:\/\/laguinguette.ch\/2022\/wp-json\/wp\/v2\/users\/1"}],"replies":[{"embeddable":true,"href":"https:\/\/laguinguette.ch\/2022\/wp-json\/wp\/v2\/comments?post=448"}],"version-history":[{"count":15,"href":"https:\/\/laguinguette.ch\/2022\/wp-json\/wp\/v2\/pages\/448\/revisions"}],"predecessor-version":[{"id":1145,"href":"https:\/\/laguinguette.ch\/2022\/wp-json\/wp\/v2\/pages\/448\/revisions\/1145"}],"wp:attachment":[{"href":"https:\/\/laguinguette.ch\/2022\/wp-json\/wp\/v2\/media?parent=448"}],"curies":[{"name":"wp","href":"https:\/\/api.w.org\/{rel}","templated":true}]}}