{"id":24,"date":"2018-07-16T23:07:46","date_gmt":"2018-07-16T21:07:46","guid":{"rendered":"https:\/\/laguinguette.ch\/2018\/?page_id=24"},"modified":"2026-04-09T09:39:03","modified_gmt":"2026-04-09T07:39:03","slug":"accueil","status":"publish","type":"page","link":"https:\/\/laguinguette.ch\/2025\/","title":{"rendered":"Accueil"},"content":{"rendered":"<!--themify_builder_content-->\n<div id=\"themify_builder_content-24\" data-postid=\"24\" class=\"themify_builder_content themify_builder_content-24 themify_builder tf_clear\">\n                    <div  data-lazy=\"1\" class=\"module_row themify_builder_row tb_kc6f5 tb_first tf_w\">\n                        <div class=\"row_inner col_align_top tb_col_count_1 tf_box tf_rel\">\n                        <div  data-lazy=\"1\" class=\"module_column tb-column col-full tb_q4vp5 first\">\n                    <!-- module text -->\n<div  class=\"module module-text tb_rv49478   \" data-lazy=\"1\">\n        <div  class=\"tb_text_wrap\">\n        <p><strong><span style=\"color: #ffffff;\">Vous aimez la Guinguette ? Rejoignez le comit\u00e9 !<\/span><\/strong><\/p>\n<p><span style=\"color: #ffffff;\">La Guinguette a besoin de nouvelles \u00e9nergies pour continuer \u00e0 exister. L\u2019association cherche aujourd\u2019hui des personnes motiv\u00e9es pour former un nouveau comit\u00e9 et imaginer la prochaine \u00e9dition de cet \u00e9v\u00e9nement qui rassemble chaque ann\u00e9e petits et grands.<br>La nouvelle \u00e9quipe pourra s\u2019appuyer sur l\u2019ancien comit\u00e9 pour reprendre le projet et b\u00e9n\u00e9ficier de son exp\u00e9rience.<br><br>Cr\u00e9er une \u00e9dition de la Guinguette, c\u2019est vivre une aventure collective, partager des id\u00e9es, des moments de convivialit\u00e9 et contribuer concr\u00e8tement \u00e0 faire vivre un projet festif qui a du sens pour la communaut\u00e9. Chacun et chacune peut apporter sa pierre \u00e0 l\u2019\u00e9difice, quelles que soient ses comp\u00e9tences ou son exp\u00e9rience.<\/span><\/p>\n<p><span style=\"color: #ffffff;\">Contact : <a href=\"mailto:info@laguinguette.ch\">info@laguinguette.ch<\/a><\/span><\/p>    <\/div>\n<\/div>\n<!-- \/module text -->        <\/div>\n                        <\/div>\n        <\/div>\n                        <div  data-anchor=\"programme\" data-lazy=\"1\" class=\"module_row themify_builder_row tb_has_section tb_section-programme tb_1f4efec tf_w\">\n                        <div class=\"row_inner col_align_top tb_col_count_1 tf_box tf_rel\">\n                        <div  data-lazy=\"1\" class=\"module_column tb-column col-full tb_f271907 first\">\n                    <!-- module fancy heading -->\n<div  class=\"module module-fancy-heading tb_692de0b \" data-lazy=\"1\">\n        <h1 class=\"fancy-heading tf_textc\">\n    <span class=\"main-head tf_block\">\n                    Programme 2025            <\/span>\n\n    \n    <span class=\"sub-head tf_block tf_rel\">\n                                <\/span>\n    <\/h1>\n<\/div>\n<!-- \/module fancy heading -->\n        <\/div>\n                        <\/div>\n        <\/div>\n                        <div  data-lazy=\"1\" class=\"module_row themify_builder_row tb_3rer40 tf_w\">\n                        <div class=\"row_inner col_align_top tb_col_count_1 tf_box tf_rel\">\n                        <div  data-lazy=\"1\" class=\"module_column tb-column col-full tb_srnt40 first\">\n                    <!-- module fancy heading -->\n<div  class=\"module module-fancy-heading tb_c9e5493  tb_hide_divider\" data-lazy=\"1\">\n        <h1 class=\"fancy-heading tf_textl\">\n    <span class=\"main-head tf_block\">\n                    Samedi 30 ao\u00fbt            <\/span>\n\n    \n    <span class=\"sub-head tf_block tf_rel\">\n                                <\/span>\n    <\/h1>\n<\/div>\n<!-- \/module fancy heading -->\n        <div  data-lazy=\"1\" class=\"module_subrow themify_builder_sub_row tf_w col_align_top tb_col_count_2 tb_gtu620\">\n                <div  data-lazy=\"1\" class=\"module_column sub_column col4-2 tb_7kqi20 first\">\n                    <!-- module text -->\n<div  class=\"module module-text tb_d9p6846   \" data-lazy=\"1\">\n        <div  class=\"tb_text_wrap\">\n        <h2>07H00 \u2013 Aube musicale \u00e0 la plage<\/h2><h3>Ode \u00e0 la nature<\/h3><p><strong>par l\u2019Ensemble Guinguette<\/strong><\/p><p>Cet ensemble, cr\u00e9\u00e9 sp\u00e9cialement pour l\u2019occasion est compos\u00e9 de Vladislava Kisselova au violoncelle, Annalisa Stagliano au piano, Fernando Cleves au violon et Alexandre Diakoff \u00e0 la narration. C\u2019est un chant \u00e0 la cr\u00e9ation, la nature, l\u2019essence de la vie, l\u2019amour\u2026 dans un cadre incomparable accompagn\u00e9 par la magie des sons.<\/p>    <\/div>\n<\/div>\n<!-- \/module text -->        <\/div>\n                    <div  data-lazy=\"1\" class=\"module_column sub_column col4-2 tb_1ik320 last\">\n                    <!-- module image -->\n<div  class=\"module module-image tb_7u9k810 image-top   auto_fullwidth tf_mw\" data-lazy=\"1\">\n        <div class=\"image-wrap tf_rel tf_mw\">\n            <img loading=\"lazy\" decoding=\"async\" width=\"1100\" height=\"740\" src=\"https:\/\/laguinguette.ch\/2025\/wp-content\/uploads\/2025\/07\/XAV00151_DxO.jpg\" class=\"wp-post-image wp-image-1538\" title=\"XAV00151_DxO\" alt=\"XAV00151_DxO\" srcset=\"https:\/\/laguinguette.ch\/2025\/wp-content\/uploads\/2025\/07\/XAV00151_DxO.jpg 1100w, https:\/\/laguinguette.ch\/2025\/wp-content\/uploads\/2025\/07\/XAV00151_DxO-300x202.jpg 300w, https:\/\/laguinguette.ch\/2025\/wp-content\/uploads\/2025\/07\/XAV00151_DxO-1024x689.jpg 1024w, https:\/\/laguinguette.ch\/2025\/wp-content\/uploads\/2025\/07\/XAV00151_DxO-768x517.jpg 768w\" sizes=\"auto, (max-width: 1100px) 100vw, 1100px\" \/>    \n        <\/div>\n    <!-- \/image-wrap -->\n    \n        <\/div>\n<!-- \/module image -->        <\/div>\n                    <\/div>\n                <div  data-lazy=\"1\" class=\"module_subrow themify_builder_sub_row tf_w col_align_top tb_col_count_2 tb_9fzr93\">\n                <div  data-lazy=\"1\" class=\"module_column sub_column col4-2 tb_3k7f93 first\">\n                    <!-- module image -->\n<div  class=\"module module-image tb_231693 image-top   auto_fullwidth tf_mw\" data-lazy=\"1\">\n        <div class=\"image-wrap tf_rel tf_mw\">\n            <img loading=\"lazy\" decoding=\"async\" width=\"1100\" height=\"738\" src=\"https:\/\/laguinguette.ch\/2025\/wp-content\/uploads\/2025\/07\/XAV00388_DxO-e1753280285815.jpg\" class=\"wp-post-image wp-image-1532\" title=\"XAV00388_DxO\" alt=\"XAV00388_DxO\" srcset=\"https:\/\/laguinguette.ch\/2025\/wp-content\/uploads\/2025\/07\/XAV00388_DxO-e1753280285815.jpg 1100w, https:\/\/laguinguette.ch\/2025\/wp-content\/uploads\/2025\/07\/XAV00388_DxO-e1753280285815-300x201.jpg 300w, https:\/\/laguinguette.ch\/2025\/wp-content\/uploads\/2025\/07\/XAV00388_DxO-e1753280285815-1024x687.jpg 1024w, https:\/\/laguinguette.ch\/2025\/wp-content\/uploads\/2025\/07\/XAV00388_DxO-e1753280285815-768x515.jpg 768w\" sizes=\"auto, (max-width: 1100px) 100vw, 1100px\" \/>    \n        <\/div>\n    <!-- \/image-wrap -->\n    \n        <\/div>\n<!-- \/module image -->        <\/div>\n                    <div  data-lazy=\"1\" class=\"module_column sub_column col4-2 tb_z46j93 last\">\n                    <!-- module text -->\n<div  class=\"module module-text tb_63d393   \" data-lazy=\"1\">\n        <div  class=\"tb_text_wrap\">\n        <h2 class=\"fancy-heading tf_textl\"><span class=\"sub-head tf_block tf_rel\" contenteditable=\"true\" data-name=\"sub_heading\">D\u00e8s 18h00 \u2013 Animation<\/span><\/h2><h3>Clown Filibert<\/h3><p>Form\u00e9 \u00e0 l\u2019\u00e9cole de cirque de Bruxelles, apr\u00e8s de nombreux voyages, le clown Filibert ravit maintenant les petits et grands principalement entre Gen\u00e8ve et Lausanne. En d\u00e9ambulation libre sur le site de la Guinguette, vous le croiserez tant\u00f4t mont\u00e9 sur des \u00e9chasses, tant\u00f4t jonglant, ou en train de faire des acrobaties.<\/p>    <\/div>\n<\/div>\n<!-- \/module text -->        <\/div>\n                    <\/div>\n                <div  data-lazy=\"1\" class=\"module_subrow themify_builder_sub_row tf_w col_align_top tb_col_count_2 tb_uxel960\">\n                <div  data-lazy=\"1\" class=\"module_column sub_column col4-2 tb_pkiq960 first\">\n                    <!-- module text -->\n<div  class=\"module module-text tb_p3i7836   \" data-lazy=\"1\">\n        <div  class=\"tb_text_wrap\">\n        <h2 class=\"fancy-heading tf_textl\"><span class=\"sub-head tf_block tf_rel\" contenteditable=\"true\" data-name=\"sub_heading\">21h30 \u2013 Spectacle<\/span><\/h2><h3>Amor<\/h3><p><strong>par la Compagnie Bilbobasso<\/strong><\/p><p>Herv\u00e9 Perrin et Delphine Dartus ont fond\u00e9 la compagnie Bilbobasso en 2006 afin de cr\u00e9er et diffuser des spectacles issus de leur recherche autour de l\u2019alliance du tango argentin de la musique et de l\u2019art du feu comme modes d\u2019expression v\u00e9hicules d\u2019\u00e9motions dans la rue. Amor est un spectacle original, sobre, po\u00e9tique et spectaculaire. Il met en sc\u00e8ne deux \u00eatres qui s\u2019aiment et dont l\u2019amour se consume au fil d\u2019un tango argentin endiabl\u00e9. Un duel ambivalent, joueur, sauvage et tenace.<\/p>    <\/div>\n<\/div>\n<!-- \/module text -->        <\/div>\n                    <div  data-lazy=\"1\" class=\"module_column sub_column col4-2 tb_tiry960 last\">\n                    <!-- module image -->\n<div  class=\"module module-image tb_9nqd791 image-top   auto_fullwidth tf_mw\" data-lazy=\"1\">\n        <div class=\"image-wrap tf_rel tf_mw\">\n            <img loading=\"lazy\" decoding=\"async\" width=\"1100\" height=\"740\" src=\"https:\/\/laguinguette.ch\/2025\/wp-content\/uploads\/2025\/07\/JC-Chaudy-DSC_3655-2-1024x683-1.jpg\" class=\"wp-post-image wp-image-1541\" title=\"JC-Chaudy-DSC_3655-2-1024x683\" alt=\"Photo JC Chaudy\" srcset=\"https:\/\/laguinguette.ch\/2025\/wp-content\/uploads\/2025\/07\/JC-Chaudy-DSC_3655-2-1024x683-1.jpg 1100w, https:\/\/laguinguette.ch\/2025\/wp-content\/uploads\/2025\/07\/JC-Chaudy-DSC_3655-2-1024x683-1-300x202.jpg 300w, https:\/\/laguinguette.ch\/2025\/wp-content\/uploads\/2025\/07\/JC-Chaudy-DSC_3655-2-1024x683-1-1024x689.jpg 1024w, https:\/\/laguinguette.ch\/2025\/wp-content\/uploads\/2025\/07\/JC-Chaudy-DSC_3655-2-1024x683-1-768x517.jpg 768w\" sizes=\"auto, (max-width: 1100px) 100vw, 1100px\" \/>    \n        <\/div>\n    <!-- \/image-wrap -->\n    \n        <div class=\"image-content\">\n                        <div class=\"image-caption tb_text_wrap\">\n            Photo JC Chaudy        <\/div>\n        <!-- \/image-caption -->\n            <\/div>\n    <!-- \/image-content -->\n        <\/div>\n<!-- \/module image -->        <\/div>\n                    <\/div>\n                <div  data-lazy=\"1\" class=\"module_subrow themify_builder_sub_row tf_w col_align_top tb_col_count_2 tb_ym8r149\">\n                <div  data-lazy=\"1\" class=\"module_column sub_column col4-2 tb_gizs149 first\">\n                    <!-- module image -->\n<div  class=\"module module-image tb_tu96149 image-top   auto_fullwidth tf_mw\" data-lazy=\"1\">\n        <div class=\"image-wrap tf_rel tf_mw\">\n            <img loading=\"lazy\" decoding=\"async\" width=\"1100\" height=\"740\" src=\"https:\/\/laguinguette.ch\/2025\/wp-content\/uploads\/2025\/07\/WhatsApp-Image-2025-07-21-at-16.31.18-e1753279745285.jpeg\" class=\"wp-post-image wp-image-1529\" title=\"Le Bon, La Brute et Le Truand\" alt=\"Le Bon, La Brute et Le Truand\" srcset=\"https:\/\/laguinguette.ch\/2025\/wp-content\/uploads\/2025\/07\/WhatsApp-Image-2025-07-21-at-16.31.18-e1753279745285.jpeg 1100w, https:\/\/laguinguette.ch\/2025\/wp-content\/uploads\/2025\/07\/WhatsApp-Image-2025-07-21-at-16.31.18-e1753279745285-300x202.jpeg 300w, https:\/\/laguinguette.ch\/2025\/wp-content\/uploads\/2025\/07\/WhatsApp-Image-2025-07-21-at-16.31.18-e1753279745285-1024x689.jpeg 1024w, https:\/\/laguinguette.ch\/2025\/wp-content\/uploads\/2025\/07\/WhatsApp-Image-2025-07-21-at-16.31.18-e1753279745285-768x517.jpeg 768w\" sizes=\"auto, (max-width: 1100px) 100vw, 1100px\" \/>    \n        <\/div>\n    <!-- \/image-wrap -->\n    \n        <\/div>\n<!-- \/module image -->        <\/div>\n                    <div  data-lazy=\"1\" class=\"module_column sub_column col4-2 tb_ngku149 last\">\n                    <!-- module text -->\n<div  class=\"module module-text tb_drgu149   \" data-lazy=\"1\">\n        <div  class=\"tb_text_wrap\">\n        <h2 style=\"text-align: left;\">22h00 \u2013 Musique<\/h2><h3>Le Bon, la Brute et le Truand<\/h3><p><strong>Chill Pop, DJ F et DJ H<\/strong><\/p><p>Le Bon, La Brute et le Truand, c\u2019est le crew l\u00e9gendaire form\u00e9 par Chill Pop, DJ F et DJ H.<br \/>30 ans derri\u00e8re les platines \u00e0 ambiancer les foules avec leur s\u00e9lection de funk, hip-hop, soul, rare groove\u2026 et plus encore.<br \/>Quand ils mixent ensemble, c\u2019est brut, c\u2019est chaud, c\u2019est vivant.<br \/>Un voyage musical entre classiques intemporels et p\u00e9pites bien \u00e9nerv\u00e9es, qui retourne n\u2019importe quel dancefloor.<\/p>    <\/div>\n<\/div>\n<!-- \/module text -->        <\/div>\n                    <\/div>\n                <\/div>\n                        <\/div>\n        <\/div>\n        <\/div>\n<!--\/themify_builder_content-->","protected":false},"excerpt":{"rendered":"<p>Vous aimez la Guinguette ? Rejoignez le comit\u00e9 ! La Guinguette a besoin de nouvelles \u00e9nergies pour continuer \u00e0 exister. L\u2019association cherche aujourd\u2019hui des personnes motiv\u00e9es pour former un nouveau comit\u00e9 et imaginer la prochaine \u00e9dition de cet \u00e9v\u00e9nement qui rassemble chaque ann\u00e9e petits et grands.La nouvelle \u00e9quipe pourra s\u2019appuyer sur l\u2019ancien comit\u00e9 pour reprendre [&hellip;]<\/p>\n","protected":false},"author":1,"featured_media":0,"parent":0,"menu_order":0,"comment_status":"closed","ping_status":"closed","template":"","meta":{"_monsterinsights_skip_tracking":false,"_monsterinsights_sitenote_active":false,"_monsterinsights_sitenote_note":"","_monsterinsights_sitenote_category":0,"footnotes":""},"class_list":["post-24","page","type-page","status-publish","hentry","has-post-title","has-post-date","has-post-category","has-post-tag","has-post-comment","has-post-author",""],"_links":{"self":[{"href":"https:\/\/laguinguette.ch\/2025\/wp-json\/wp\/v2\/pages\/24","targetHints":{"allow":["GET"]}}],"collection":[{"href":"https:\/\/laguinguette.ch\/2025\/wp-json\/wp\/v2\/pages"}],"about":[{"href":"https:\/\/laguinguette.ch\/2025\/wp-json\/wp\/v2\/types\/page"}],"author":[{"embeddable":true,"href":"https:\/\/laguinguette.ch\/2025\/wp-json\/wp\/v2\/users\/1"}],"replies":[{"embeddable":true,"href":"https:\/\/laguinguette.ch\/2025\/wp-json\/wp\/v2\/comments?post=24"}],"version-history":[{"count":276,"href":"https:\/\/laguinguette.ch\/2025\/wp-json\/wp\/v2\/pages\/24\/revisions"}],"predecessor-version":[{"id":1670,"href":"https:\/\/laguinguette.ch\/2025\/wp-json\/wp\/v2\/pages\/24\/revisions\/1670"}],"wp:attachment":[{"href":"https:\/\/laguinguette.ch\/2025\/wp-json\/wp\/v2\/media?parent=24"}],"curies":[{"name":"wp","href":"https:\/\/api.w.org\/{rel}","templated":true}]}}