{"id":448,"date":"2018-08-24T00:02:38","date_gmt":"2018-08-23T22:02:38","guid":{"rendered":"https:\/\/laguinguette.ch\/2018\/?page_id=448"},"modified":"2025-05-20T22:01:59","modified_gmt":"2025-05-20T20:01:59","slug":"cest-ou","status":"publish","type":"page","link":"https:\/\/laguinguette.ch\/2025\/cest-ou\/","title":{"rendered":"C&rsquo;est o\u00f9?"},"content":{"rendered":"<!--themify_builder_content-->\n<div id=\"themify_builder_content-448\" data-postid=\"448\" class=\"themify_builder_content themify_builder_content-448 themify_builder tf_clear\">\n                    <div  data-lazy=\"1\" class=\"module_row themify_builder_row tb_qav4904 tb_first tf_w\">\n                        <div class=\"row_inner col_align_top tb_col_count_1 tf_box tf_rel\">\n                        <div  data-lazy=\"1\" class=\"module_column tb-column col-full tb_plft008 first\">\n                    <!-- module text -->\n<div  class=\"module module-text tb_k1iu950   \" data-lazy=\"1\">\n        <div  class=\"tb_text_wrap\">\n        <p>La Guinguette aura lieu cette ann\u00e9e de 7h00 \u00e0 10h00 \u00e0 la plage de Mies-Tannay et de 18h00 jusqu&rsquo;au bout de la nuit au Centre sportif de Mies.<\/p>    <\/div>\n<\/div>\n<!-- \/module text -->        <\/div>\n                        <\/div>\n        <\/div>\n                        <div  data-lazy=\"1\" class=\"module_row themify_builder_row tb_txnr323 tf_w\">\n                        <div class=\"row_inner col_align_top tb_col_count_1 tf_box tf_rel\">\n                        <div  data-lazy=\"1\" class=\"module_column tb-column col-full tb_w5mi324 first\">\n                    <!-- module map -->\n<div  class=\"module module-map tb_tawx412 \">\n    <h3 class=\"module-title\">Plage de Mies-Tannay<\/h3>                                <link rel=\"preconnect\" href=\"https:\/\/maps.googleapis.com\" crossorigin\/>\n                <div data-lazy=\"1\"             data-map-provider=\"google\"\n                            data-mapid=\"\"\n             \n            data-address=\"Plage de Mies Vaud Suisse\"\n            data-zoom=\"16\"\n            data-type=\"ROADMAP\"\n            data-scroll=\"\"\n            data-drag=\"1\"\n            data-mdrag=\"1\"\n            data-control=\"\"\n            class=\"tf_lazy themify_map\"\n            style=\"width:100%;height:300px;\"\n            data-info-window=\"&lt;b&gt;Address&lt;\/b&gt;&lt;br\/&gt;&lt;p&gt;Plage de Mies Vaud Suisse&lt;\/p&gt;\"\n            data-reverse-geocoding=\"\">\n        <\/div>\n    <\/div>\n<!-- \/module map -->\n        <\/div>\n                        <\/div>\n        <\/div>\n                        <div  data-lazy=\"1\" class=\"module_row themify_builder_row tb_nkmf373 tf_w\">\n                        <div class=\"row_inner col_align_top tb_col_count_1 tf_box tf_rel\">\n                        <div  data-lazy=\"1\" class=\"module_column tb-column col-full tb_ze4k373 first\">\n                    <!-- module map -->\n<div  class=\"module module-map tb_71av271 \">\n    <h3 class=\"module-title\">Centre Sportif de Mies \u2013 Place du Sorbier 1, 1295 Mies<\/h3>                                <link rel=\"preconnect\" href=\"https:\/\/maps.googleapis.com\" crossorigin\/>\n                <div data-lazy=\"1\"             data-map-provider=\"google\"\n                            data-mapid=\"\"\n             \n            data-address=\"Centre sportif Mies Vaud Suisse\"\n            data-zoom=\"17\"\n            data-type=\"ROADMAP\"\n            data-scroll=\"\"\n            data-drag=\"1\"\n            data-mdrag=\"1\"\n            data-control=\"\"\n            class=\"tf_lazy themify_map\"\n            style=\"width:100%;height:300px;\"\n            data-info-window=\"&lt;b&gt;Address&lt;\/b&gt;&lt;br\/&gt;&lt;p&gt;Centre sportif Mies Vaud Suisse&lt;\/p&gt;\"\n            data-reverse-geocoding=\"\">\n        <\/div>\n    <\/div>\n<!-- \/module map -->\n        <\/div>\n                        <\/div>\n        <\/div>\n        <\/div>\n<!--\/themify_builder_content-->","protected":false},"excerpt":{"rendered":"<p>La Guinguette aura lieu cette ann\u00e9e de 7h00 \u00e0 10h00 \u00e0 la plage de Mies-Tannay et de 18h00 jusqu&rsquo;au bout de la nuit au Centre sportif de Mies. Plage de Mies-Tannay Centre Sportif de Mies \u2013 Place du Sorbier 1, 1295 Mies<\/p>\n","protected":false},"author":1,"featured_media":0,"parent":0,"menu_order":0,"comment_status":"closed","ping_status":"closed","template":"","meta":{"_monsterinsights_skip_tracking":false,"_monsterinsights_sitenote_active":false,"_monsterinsights_sitenote_note":"","_monsterinsights_sitenote_category":0,"footnotes":""},"class_list":["post-448","page","type-page","status-publish","hentry","has-post-title","has-post-date","has-post-category","has-post-tag","has-post-comment","has-post-author",""],"_links":{"self":[{"href":"https:\/\/laguinguette.ch\/2025\/wp-json\/wp\/v2\/pages\/448","targetHints":{"allow":["GET"]}}],"collection":[{"href":"https:\/\/laguinguette.ch\/2025\/wp-json\/wp\/v2\/pages"}],"about":[{"href":"https:\/\/laguinguette.ch\/2025\/wp-json\/wp\/v2\/types\/page"}],"author":[{"embeddable":true,"href":"https:\/\/laguinguette.ch\/2025\/wp-json\/wp\/v2\/users\/1"}],"replies":[{"embeddable":true,"href":"https:\/\/laguinguette.ch\/2025\/wp-json\/wp\/v2\/comments?post=448"}],"version-history":[{"count":32,"href":"https:\/\/laguinguette.ch\/2025\/wp-json\/wp\/v2\/pages\/448\/revisions"}],"predecessor-version":[{"id":1489,"href":"https:\/\/laguinguette.ch\/2025\/wp-json\/wp\/v2\/pages\/448\/revisions\/1489"}],"wp:attachment":[{"href":"https:\/\/laguinguette.ch\/2025\/wp-json\/wp\/v2\/media?parent=448"}],"curies":[{"name":"wp","href":"https:\/\/api.w.org\/{rel}","templated":true}]}}